{"id":576,"date":"2022-03-21T07:21:11","date_gmt":"2022-03-21T07:21:11","guid":{"rendered":"http:\/\/izbn.de\/home\/"},"modified":"2026-04-14T14:21:54","modified_gmt":"2026-04-14T13:21:54","slug":"home","status":"publish","type":"page","link":"https:\/\/igbd-nuernberg.de\/de\/","title":{"rendered":"Home"},"content":{"rendered":"\t\t<div data-elementor-type=\"wp-page\" data-elementor-id=\"576\" class=\"elementor elementor-576\">\n\t\t\t\t\t\t<section class=\"elementor-section elementor-top-section elementor-element elementor-element-2981775 elementor-section-boxed elementor-section-height-default elementor-section-height-default elementor-invisible\" data-id=\"2981775\" data-element_type=\"section\" data-e-type=\"section\" data-settings=\"{&quot;background_background&quot;:&quot;classic&quot;,&quot;animation&quot;:&quot;fadeInDown&quot;}\">\n\t\t\t\t\t\t\t<div class=\"elementor-background-overlay\"><\/div>\n\t\t\t\t\t\t\t<div class=\"elementor-container elementor-column-gap-no\">\n\t\t\t\t\t<div class=\"elementor-column elementor-col-50 elementor-top-column elementor-element elementor-element-08596d3\" data-id=\"08596d3\" data-element_type=\"column\" data-e-type=\"column\">\n\t\t\t<div class=\"elementor-widget-wrap elementor-element-populated\">\n\t\t\t\t\t\t<div class=\"elementor-element elementor-element-f826aac elementor-widget elementor-widget-heading\" data-id=\"f826aac\" data-element_type=\"widget\" data-e-type=\"widget\" data-widget_type=\"heading.default\">\n\t\t\t\t<div class=\"elementor-widget-container\">\n\t\t\t\t\t<h6 class=\"elementor-heading-title elementor-size-default\">Islamska zajednica Bo\u0161njaka u N\u00fcrnbergu<\/h6>\t\t\t\t<\/div>\n\t\t\t\t<\/div>\n\t\t\t\t<div class=\"elementor-element elementor-element-fb451fb elementor-widget elementor-widget-image-box\" data-id=\"fb451fb\" data-element_type=\"widget\" data-e-type=\"widget\" data-widget_type=\"image-box.default\">\n\t\t\t\t<div class=\"elementor-widget-container\">\n\t\t\t\t\t<div class=\"elementor-image-box-wrapper\"><div class=\"elementor-image-box-content\"><h1 class=\"elementor-image-box-title\">Dobrodo\u0161li na stranicu IZBN<\/h1><\/div><\/div>\t\t\t\t<\/div>\n\t\t\t\t<\/div>\n\t\t\t\t<div class=\"elementor-element elementor-element-81ca552 elementor-widget elementor-widget-button\" data-id=\"81ca552\" data-element_type=\"widget\" data-e-type=\"widget\" data-widget_type=\"button.default\">\n\t\t\t\t<div class=\"elementor-widget-container\">\n\t\t\t\t\t\t\t\t\t<div class=\"elementor-button-wrapper\">\n\t\t\t\t\t<a class=\"elementor-button elementor-button-link elementor-size-sm\" href=\"\/novosti\">\n\t\t\t\t\t\t<span class=\"elementor-button-content-wrapper\">\n\t\t\t\t\t\t\t\t\t<span class=\"elementor-button-text\">Aktuelnosti<\/span>\n\t\t\t\t\t<\/span>\n\t\t\t\t\t<\/a>\n\t\t\t\t<\/div>\n\t\t\t\t\t\t\t\t<\/div>\n\t\t\t\t<\/div>\n\t\t\t\t<div class=\"elementor-element elementor-element-611ab62 elementor-widget elementor-widget-image\" data-id=\"611ab62\" data-element_type=\"widget\" data-e-type=\"widget\" data-widget_type=\"image.default\">\n\t\t\t\t<div class=\"elementor-widget-container\">\n\t\t\t\t\t\t\t\t\t\t\t\t\t\t\t<img fetchpriority=\"high\" decoding=\"async\" width=\"342\" height=\"199\" src=\"https:\/\/igbd-nuernberg.de\/wp-content\/uploads\/2022\/03\/dotted-pattern.png\" class=\"attachment-large size-large wp-image-626\" alt=\"\" srcset=\"https:\/\/igbd-nuernberg.de\/wp-content\/uploads\/2022\/03\/dotted-pattern.png 342w, https:\/\/igbd-nuernberg.de\/wp-content\/uploads\/2022\/03\/dotted-pattern-300x175.png 300w\" sizes=\"(max-width: 342px) 100vw, 342px\" \/>\t\t\t\t\t\t\t\t\t\t\t\t\t\t\t<\/div>\n\t\t\t\t<\/div>\n\t\t\t\t\t<\/div>\n\t\t<\/div>\n\t\t\t\t<div class=\"elementor-column elementor-col-50 elementor-top-column elementor-element elementor-element-2068237\" data-id=\"2068237\" data-element_type=\"column\" data-e-type=\"column\">\n\t\t\t<div class=\"elementor-widget-wrap elementor-element-populated\">\n\t\t\t\t\t\t<div class=\"elementor-element elementor-element-ebdfc84 elementor-widget elementor-widget-shortcode\" data-id=\"ebdfc84\" data-element_type=\"widget\" data-e-type=\"widget\" data-widget_type=\"shortcode.default\">\n\t\t\t\t<div class=\"elementor-widget-container\">\n\t\t\t\t\t\t\t<div class=\"elementor-shortcode\"><div class=\"bdpp-wrap bdpp-lite bdpp-slider-wrap-main\">\r\n\t<div id=\"bdpp-post-slider-wrap-1\" class=\"bdpp-post-slider-wrap owl-carousel bdpp-design-1  bdpp-clearfix\" data-conf=\"{&quot;loop&quot;:true,&quot;arrows&quot;:true,&quot;dots&quot;:true,&quot;autoplay&quot;:true,&quot;autoplay_interval&quot;:4000,&quot;speed&quot;:false}\"><div class=\"bdpp-post-slide bdpp-post-4073 bdpp-post-standard bdpp-has-thumb\">\r\n\t<div class=\"bdpp-post-slider-content\">\r\n\t\t<a class=\"bdpp-post-linkoverlay\" href=\"https:\/\/igbd-nuernberg.de\/de\/2026\/02\/09\/ramazanska-vaktija-2026\/\"><\/a>\r\n\t\t<div class=\"bdpp-post-img-bg\" style=\"background-image:url(https:\/\/igbd-nuernberg.de\/wp-content\/uploads\/2026\/02\/pexels-photo-8726372-8726372-1024x683.jpg);\">\r\n\t\t\t<div class=\"bdpp-featured-meta\">\r\n\t\t\t\r\n\t\t\t\t<h2 class=\"bdpp-post-title\">\r\n\t\t\t\t\t<a href=\"https:\/\/igbd-nuernberg.de\/de\/2026\/02\/09\/ramazanska-vaktija-2026\/\">Ramazanska vaktija 2026<\/a>\r\n\t\t\t\t<\/h2>\r\n\r\n\t\t\t\t\t\t\t\t<div class=\"bdpp-post-meta bdpp-post-meta-up\">\r\n\t\t\t\t\t<span class=\"bdpp-post-meta-data bdpp-post-date\"><i class=\"bdpp-fa fa-regular fa-clock\"><\/i>09\/02\/2026<\/span>\t\t\t\t<\/div>\r\n\t\t\t\t\t\t\t<\/div>\r\n\t\t<\/div>\r\n\t<\/div>\r\n<\/div><div class=\"bdpp-post-slide bdpp-post-4066 bdpp-post-standard bdpp-has-thumb\">\r\n\t<div class=\"bdpp-post-slider-content\">\r\n\t\t<a class=\"bdpp-post-linkoverlay\" href=\"https:\/\/igbd-nuernberg.de\/de\/2026\/02\/09\/ausschreibung-oglas-4\/\"><\/a>\r\n\t\t<div class=\"bdpp-post-img-bg\" style=\"background-image:url(https:\/\/igbd-nuernberg.de\/wp-content\/uploads\/2026\/02\/pexels-photo-1669754-1669754-1024x683.jpg);\">\r\n\t\t\t<div class=\"bdpp-featured-meta\">\r\n\t\t\t\r\n\t\t\t\t<h2 class=\"bdpp-post-title\">\r\n\t\t\t\t\t<a href=\"https:\/\/igbd-nuernberg.de\/de\/2026\/02\/09\/ausschreibung-oglas-4\/\">AUSSCHREIBUNG \/ OGLAS<\/a>\r\n\t\t\t\t<\/h2>\r\n\r\n\t\t\t\t\t\t\t\t<div class=\"bdpp-post-meta bdpp-post-meta-up\">\r\n\t\t\t\t\t<span class=\"bdpp-post-meta-data bdpp-post-date\"><i class=\"bdpp-fa fa-regular fa-clock\"><\/i>09\/02\/2026<\/span>\t\t\t\t<\/div>\r\n\t\t\t\t\t\t\t<\/div>\r\n\t\t<\/div>\r\n\t<\/div>\r\n<\/div><div class=\"bdpp-post-slide bdpp-post-4063 bdpp-post-standard bdpp-has-thumb\">\r\n\t<div class=\"bdpp-post-slider-content\">\r\n\t\t<a class=\"bdpp-post-linkoverlay\" href=\"https:\/\/igbd-nuernberg.de\/de\/2026\/02\/06\/novi-online-identitet\/\"><\/a>\r\n\t\t<div class=\"bdpp-post-img-bg\" style=\"background-image:url(https:\/\/igbd-nuernberg.de\/wp-content\/uploads\/2023\/09\/web-design-user-interface-website-3411373-1024x682.jpg);\">\r\n\t\t\t<div class=\"bdpp-featured-meta\">\r\n\t\t\t\r\n\t\t\t\t<h2 class=\"bdpp-post-title\">\r\n\t\t\t\t\t<a href=\"https:\/\/igbd-nuernberg.de\/de\/2026\/02\/06\/novi-online-identitet\/\">Novi online identitet<\/a>\r\n\t\t\t\t<\/h2>\r\n\r\n\t\t\t\t\t\t\t\t<div class=\"bdpp-post-meta bdpp-post-meta-up\">\r\n\t\t\t\t\t<span class=\"bdpp-post-meta-data bdpp-post-date\"><i class=\"bdpp-fa fa-regular fa-clock\"><\/i>06\/02\/2026<\/span>\t\t\t\t<\/div>\r\n\t\t\t\t\t\t\t<\/div>\r\n\t\t<\/div>\r\n\t<\/div>\r\n<\/div><div class=\"bdpp-post-slide bdpp-post-4049 bdpp-post-standard bdpp-has-thumb\">\r\n\t<div class=\"bdpp-post-slider-content\">\r\n\t\t<a class=\"bdpp-post-linkoverlay\" href=\"https:\/\/igbd-nuernberg.de\/de\/2025\/12\/05\/digitalna-donacija-digitalespendesaule\/\"><\/a>\r\n\t\t<div class=\"bdpp-post-img-bg\" style=\"background-image:url(https:\/\/igbd-nuernberg.de\/wp-content\/uploads\/2025\/12\/WhatsApp-Image-2025-11-27-at-18.25.09-768x1024.jpeg);\">\r\n\t\t\t<div class=\"bdpp-featured-meta\">\r\n\t\t\t\r\n\t\t\t\t<h2 class=\"bdpp-post-title\">\r\n\t\t\t\t\t<a href=\"https:\/\/igbd-nuernberg.de\/de\/2025\/12\/05\/digitalna-donacija-digitalespendesaule\/\">Digitalna donacija \/ Digitalespendesa\u00fcle<\/a>\r\n\t\t\t\t<\/h2>\r\n\r\n\t\t\t\t\t\t\t\t<div class=\"bdpp-post-meta bdpp-post-meta-up\">\r\n\t\t\t\t\t<span class=\"bdpp-post-meta-data bdpp-post-date\"><i class=\"bdpp-fa fa-regular fa-clock\"><\/i>05\/12\/2025<\/span>\t\t\t\t<\/div>\r\n\t\t\t\t\t\t\t<\/div>\r\n\t\t<\/div>\r\n\t<\/div>\r\n<\/div><div class=\"bdpp-post-slide bdpp-post-3981 bdpp-post-standard bdpp-has-thumb\">\r\n\t<div class=\"bdpp-post-slider-content\">\r\n\t\t<a class=\"bdpp-post-linkoverlay\" href=\"https:\/\/igbd-nuernberg.de\/de\/2025\/01\/13\/ausschreibung-oglas-3\/\"><\/a>\r\n\t\t<div class=\"bdpp-post-img-bg\" style=\"background-image:url(https:\/\/igbd-nuernberg.de\/wp-content\/uploads\/slider2\/WhatsAppImage2024-02-22at221017-1024x1024.jpeg);\">\r\n\t\t\t<div class=\"bdpp-featured-meta\">\r\n\t\t\t\r\n\t\t\t\t<h2 class=\"bdpp-post-title\">\r\n\t\t\t\t\t<a href=\"https:\/\/igbd-nuernberg.de\/de\/2025\/01\/13\/ausschreibung-oglas-3\/\">Ausschreibung\/Oglas<\/a>\r\n\t\t\t\t<\/h2>\r\n\r\n\t\t\t\t\t\t\t\t<div class=\"bdpp-post-meta bdpp-post-meta-up\">\r\n\t\t\t\t\t<span class=\"bdpp-post-meta-data bdpp-post-date\"><i class=\"bdpp-fa fa-regular fa-clock\"><\/i>13\/01\/2025<\/span>\t\t\t\t<\/div>\r\n\t\t\t\t\t\t\t<\/div>\r\n\t\t<\/div>\r\n\t<\/div>\r\n<\/div>\r\n\t<\/div>\r\n<\/div><\/div>\n\t\t\t\t\t\t<\/div>\n\t\t\t\t<\/div>\n\t\t\t\t\t<\/div>\n\t\t<\/div>\n\t\t\t\t\t<\/div>\n\t\t<\/section>\n\t\t<div class=\"elementor-element elementor-element-f5f2725 e-flex e-con-boxed e-con e-parent\" data-id=\"f5f2725\" data-element_type=\"container\" data-e-type=\"container\">\n\t\t\t\t\t<div class=\"e-con-inner\">\n\t\t\t\t<div class=\"elementor-element elementor-element-18beac1 premium-atext__switch elementor-widget elementor-widget-premium-addon-fancy-text\" data-id=\"18beac1\" data-element_type=\"widget\" data-e-type=\"widget\" data-widget_type=\"premium-addon-fancy-text.default\">\n\t\t\t\t<div class=\"elementor-widget-container\">\n\t\t\t\t\t\t\t<div class=\"premium-atext__wrapper premium-atext__typing \" data-start-effect=\"page_load\" data-settings=\"{&quot;effect&quot;:&quot;typing&quot;,&quot;strings&quot;:[&quot;D\\u017dUMA NAMAZ:  svaki petak u 15:00&quot;],&quot;typeSpeed&quot;:40,&quot;backSpeed&quot;:10,&quot;startDelay&quot;:30,&quot;backDelay&quot;:3000,&quot;showCursor&quot;:true,&quot;loop&quot;:true,&quot;loading&quot;:false,&quot;style&quot;:&quot;switch&quot;}\">\n\n\t\t\t<h3 class=\"premium-atext__headline\">\n\t\t\t\n\t\t\t\t\t\t<span class=\"premium-atext__text\"><\/span>\n\t\t\n\t\t\t\n\t\t\t\n\t\t\t<\/h3>\n\t\t<\/div>\n\t\t\t\t\t\t<\/div>\n\t\t\t\t<\/div>\n\t\t\t\t<div class=\"elementor-element elementor-element-e4a80d3 elementor-widget-divider--view-line elementor-widget elementor-widget-divider\" data-id=\"e4a80d3\" data-element_type=\"widget\" data-e-type=\"widget\" data-widget_type=\"divider.default\">\n\t\t\t\t<div class=\"elementor-widget-container\">\n\t\t\t\t\t\t\t<div class=\"elementor-divider\">\n\t\t\t<span class=\"elementor-divider-separator\">\n\t\t\t\t\t\t<\/span>\n\t\t<\/div>\n\t\t\t\t\t\t<\/div>\n\t\t\t\t<\/div>\n\t\t\t\t\t<\/div>\n\t\t\t\t<\/div>\n\t\t<div class=\"elementor-element elementor-element-8169b48 e-flex e-con-boxed e-con e-parent\" data-id=\"8169b48\" data-element_type=\"container\" data-e-type=\"container\">\n\t\t\t\t\t<div class=\"e-con-inner\">\n\t\t\t\t<div class=\"elementor-element elementor-element-3e7e2de elementor-widget elementor-widget-heading\" data-id=\"3e7e2de\" data-element_type=\"widget\" data-e-type=\"widget\" data-widget_type=\"heading.default\">\n\t\t\t\t<div class=\"elementor-widget-container\">\n\t\t\t\t\t<h2 class=\"elementor-heading-title elementor-size-default\">Aktuelnosti<\/h2>\t\t\t\t<\/div>\n\t\t\t\t<\/div>\n\t\t\t\t<div class=\"elementor-element elementor-element-6bf3072 elementor-widget elementor-widget-shortcode\" data-id=\"6bf3072\" data-element_type=\"widget\" data-e-type=\"widget\" data-widget_type=\"shortcode.default\">\n\t\t\t\t<div class=\"elementor-widget-container\">\n\t\t\t\t\t\t\t<div class=\"elementor-shortcode\">[custom_grid posts_per_page=10]<\/div>\n\t\t\t\t\t\t<\/div>\n\t\t\t\t<\/div>\n\t\t\t\t<div class=\"elementor-element elementor-element-7573bfd pa-icon-pos-before elementor-widget elementor-widget-premium-addon-image-button\" data-id=\"7573bfd\" data-element_type=\"widget\" data-e-type=\"widget\" data-widget_type=\"premium-addon-image-button.default\">\n\t\t\t\t<div class=\"elementor-widget-container\">\n\t\t\t\t\t\n\t\t<a class=\"premium-image-button-none premium-image-button premium-btn-lg premium-image-button-none\" href=\"https:\/\/www.paypal.com\/paypalme\/igbdgnue?v=1&#038;utm_source=unp&#038;utm_medium=email&#038;utm_campaign=RT000481&#038;utm_unptid=321a967c-dee5-11ee-9362-3cfdfef04de0&#038;ppid=RT000481&#038;cnac=DE&#038;rsta=de_DE%28de-DE%29&#038;cust=26LTMPUHKEV4C&#038;unptid=321a967c-dee5-11ee-9362-3cfdfef04de0&#038;calc=f408931ca19ec&#038;unp_tpcid=ppme-social-business-profile-created&#038;page=main%3Aemail%3ART000481&#038;pgrp=main%3Aemail&#038;e=cl&#038;mchn=em&#038;s=ci&#038;mail=sys&#038;appVersion=1.239.0&#038;tenant_name=PAYPAL&#038;xt=104038%2C127632\">\n\t\t\t<div class=\"premium-image-button-text-icon-wrapper\">\n\n\t\t\t\t\t\t\t\t\t\t\t\t\t\t\t\t\t\t\t\t\t\t<i class=\"premium-svg-nodraw premium-drawable-icon fab fa-paypal\" aria-hidden=\"true\"><\/i>\t\t\t\t\t\t\t\t\t\t\t\t\t\t\t\n\t\t\t\t\t\t\t\t\t<span >\n\t\t\t\t\t\tPaypal donacija\/spende\t\t\t\t\t<\/span>\n\t\t\t\t\n\t\t\t<\/div>\n\n\t\t\t\n\t\t\t\n\t\t\t\n\t\t<\/a>\n\n\t\t\t\t\t\t<\/div>\n\t\t\t\t<\/div>\n\t\t\t\t<div class=\"elementor-element elementor-element-2caee71 elementor-widget elementor-widget-shortcode\" data-id=\"2caee71\" data-element_type=\"widget\" data-e-type=\"widget\" data-widget_type=\"shortcode.default\">\n\t\t\t\t<div class=\"elementor-widget-container\">\n\t\t\t\t\t\t\t<div class=\"elementor-shortcode\"><!-- HFCM by 99 Robots - Snippet # 1: Name change of &quot;Read more&quot; -->\n<script>\r\n\tlet elements = document.querySelectorAll('.bdp-readmorebtn');\r\n\r\n\telements.forEach(element => {\r\n  \telement.textContent = '\u010citaj vi\u0161e';\r\n\t});\r\n<\/script>\n<!-- \/end HFCM by 99 Robots -->\n<\/div>\n\t\t\t\t\t\t<\/div>\n\t\t\t\t<\/div>\n\t\t\t\t\t<\/div>\n\t\t\t\t<\/div>\n\t\t<div class=\"elementor-element elementor-element-85847d6 e-flex e-con-boxed e-con e-parent\" data-id=\"85847d6\" data-element_type=\"container\" data-e-type=\"container\">\n\t\t\t\t\t<div class=\"e-con-inner\">\n\t\t\t\t<div class=\"elementor-element elementor-element-3005252 premium-atext__switch elementor-widget elementor-widget-premium-addon-fancy-text\" data-id=\"3005252\" data-element_type=\"widget\" data-e-type=\"widget\" data-widget_type=\"premium-addon-fancy-text.default\">\n\t\t\t\t<div class=\"elementor-widget-container\">\n\t\t\t\t\t\t\t<div class=\"premium-atext__wrapper premium-atext__typing \" data-start-effect=\"page_load\" data-settings=\"{&quot;effect&quot;:&quot;typing&quot;,&quot;strings&quot;:[&quot;SABAH NAMAZ:  svaki dan 45 minuta prije izlaska sunca&quot;],&quot;typeSpeed&quot;:40,&quot;backSpeed&quot;:10,&quot;startDelay&quot;:30,&quot;backDelay&quot;:3000,&quot;showCursor&quot;:true,&quot;loop&quot;:true,&quot;loading&quot;:false,&quot;style&quot;:&quot;switch&quot;}\">\n\n\t\t\t<h3 class=\"premium-atext__headline\">\n\t\t\t\n\t\t\t\t\t\t<span class=\"premium-atext__text\"><\/span>\n\t\t\n\t\t\t\n\t\t\t\n\t\t\t<\/h3>\n\t\t<\/div>\n\t\t\t\t\t\t<\/div>\n\t\t\t\t<\/div>\n\t\t\t\t\t<\/div>\n\t\t\t\t<\/div>\n\t\t\t\t<section class=\"elementor-section elementor-top-section elementor-element elementor-element-85d0fa8 elementor-section-boxed elementor-section-height-default elementor-section-height-default\" data-id=\"85d0fa8\" data-element_type=\"section\" data-e-type=\"section\" data-settings=\"{&quot;background_background&quot;:&quot;classic&quot;}\">\n\t\t\t\t\t\t<div class=\"elementor-container elementor-column-gap-no\">\n\t\t\t\t\t<div class=\"elementor-column elementor-col-100 elementor-top-column elementor-element elementor-element-69a4ab9\" data-id=\"69a4ab9\" data-element_type=\"column\" data-e-type=\"column\">\n\t\t\t<div class=\"elementor-widget-wrap\">\n\t\t\t\t\t\t\t<\/div>\n\t\t<\/div>\n\t\t\t\t\t<\/div>\n\t\t<\/section>\n\t\t\t\t<\/div>\n\t\t","protected":false},"excerpt":{"rendered":"<p>Islamska zajednica Bo\u0161njaka u N\u00fcrnbergu Dobrodo\u0161li na stranicu IZBN Aktuelnosti Aktuelnosti [custom_grid posts_per_page=10] Paypal donacija\/spende<\/p>\n","protected":false},"author":1,"featured_media":0,"parent":0,"menu_order":0,"comment_status":"closed","ping_status":"closed","template":"","meta":{"give_campaign_id":0,"site-sidebar-layout":"no-sidebar","site-content-layout":"page-builder","ast-site-content-layout":"default","site-content-style":"default","site-sidebar-style":"default","ast-global-header-display":"","ast-banner-title-visibility":"","ast-main-header-display":"","ast-hfb-above-header-display":"","ast-hfb-below-header-display":"","ast-hfb-mobile-header-display":"","site-post-title":"disabled","ast-breadcrumbs-content":"","ast-featured-img":"disabled","footer-sml-layout":"","ast-disable-related-posts":"","theme-transparent-header-meta":"","adv-header-id-meta":"","stick-header-meta":"","header-above-stick-meta":"","header-main-stick-meta":"","header-below-stick-meta":"","astra-migrate-meta-layouts":"default","ast-page-background-enabled":"default","ast-page-background-meta":{"desktop":{"background-color":"","background-image":"","background-repeat":"repeat","background-position":"center center","background-size":"auto","background-attachment":"scroll","background-type":"","background-media":"","overlay-type":"","overlay-color":"","overlay-opacity":"","overlay-gradient":""},"tablet":{"background-color":"","background-image":"","background-repeat":"repeat","background-position":"center center","background-size":"auto","background-attachment":"scroll","background-type":"","background-media":"","overlay-type":"","overlay-color":"","overlay-opacity":"","overlay-gradient":""},"mobile":{"background-color":"","background-image":"","background-repeat":"repeat","background-position":"center center","background-size":"auto","background-attachment":"scroll","background-type":"","background-media":"","overlay-type":"","overlay-color":"","overlay-opacity":"","overlay-gradient":""}},"ast-content-background-meta":{"desktop":{"background-color":"var(--ast-global-color-5)","background-image":"","background-repeat":"repeat","background-position":"center center","background-size":"auto","background-attachment":"scroll","background-type":"","background-media":"","overlay-type":"","overlay-color":"","overlay-opacity":"","overlay-gradient":""},"tablet":{"background-color":"var(--ast-global-color-5)","background-image":"","background-repeat":"repeat","background-position":"center center","background-size":"auto","background-attachment":"scroll","background-type":"","background-media":"","overlay-type":"","overlay-color":"","overlay-opacity":"","overlay-gradient":""},"mobile":{"background-color":"var(--ast-global-color-5)","background-image":"","background-repeat":"repeat","background-position":"center center","background-size":"auto","background-attachment":"scroll","background-type":"","background-media":"","overlay-type":"","overlay-color":"","overlay-opacity":"","overlay-gradient":""}},"footnotes":""},"class_list":["post-576","page","type-page","status-publish","hentry"],"campaignId":"","_links":{"self":[{"href":"https:\/\/igbd-nuernberg.de\/de\/wp-json\/wp\/v2\/pages\/576","targetHints":{"allow":["GET"]}}],"collection":[{"href":"https:\/\/igbd-nuernberg.de\/de\/wp-json\/wp\/v2\/pages"}],"about":[{"href":"https:\/\/igbd-nuernberg.de\/de\/wp-json\/wp\/v2\/types\/page"}],"author":[{"embeddable":true,"href":"https:\/\/igbd-nuernberg.de\/de\/wp-json\/wp\/v2\/users\/1"}],"replies":[{"embeddable":true,"href":"https:\/\/igbd-nuernberg.de\/de\/wp-json\/wp\/v2\/comments?post=576"}],"version-history":[{"count":100,"href":"https:\/\/igbd-nuernberg.de\/de\/wp-json\/wp\/v2\/pages\/576\/revisions"}],"predecessor-version":[{"id":4092,"href":"https:\/\/igbd-nuernberg.de\/de\/wp-json\/wp\/v2\/pages\/576\/revisions\/4092"}],"wp:attachment":[{"href":"https:\/\/igbd-nuernberg.de\/de\/wp-json\/wp\/v2\/media?parent=576"}],"curies":[{"name":"wp","href":"https:\/\/api.w.org\/{rel}","templated":true}]}}