{"id":3788,"date":"2024-01-27T22:18:36","date_gmt":"2024-01-27T21:18:36","guid":{"rendered":"https:\/\/dzamija.net\/?page_id=3788"},"modified":"2024-01-27T22:22:14","modified_gmt":"2024-01-27T21:22:14","slug":"kako-postati-clan","status":"publish","type":"page","link":"https:\/\/igbd-nuernberg.de\/de\/kako-postati-clan\/","title":{"rendered":"Wie werde ich Mitglied?"},"content":{"rendered":"<p>Postovane dzematlije,<\/p>\n\n\n\n<p>Islamska zajednica predstavljaju osnovu vjerske i dru\u0161tvene povezanosti, pru\u017eaju\u0107i \u010dlanovima priliku da zajedno rade na ostvarivanju ciljeva i unapre\u0111enju zajednice. Ako dijelite iste vrijednosti i \u017eelite aktivno doprinositi dru\u0161tvenim promjenama, postati \u010dlan na\u0161eg udru\u017eenja mo\u017ee biti korak ka ostvarenju va\u0161ih ciljeva. <\/p>\n\n\n\n<p>Koraci:<\/p>\n\n\n\n<ol class=\"wp-block-list\">\n<li>Ispuniti obrazac za prijavu &#8211; <em><a href=\"http:\/\/dzamija.net\/wp-content\/uploads\/2024\/01\/Pristupni-formular-Mitgliedsantrag.pdf\">Mitgliedsantrag<\/a><\/em><\/li>\n\n\n\n<li>Ovla\u0161\u0107enje za trajni nalog &#8211; <em><a href=\"http:\/\/dzamija.net\/wp-content\/uploads\/2024\/01\/Ovlascenje-za-trajni-nalog-einzgusermachtingung.pdf\">Einzugserm\u00e4chtigung<\/a><\/em><\/li>\n\n\n\n<li>(opcionalno) Dozvola za slanje e-maila &#8211; <a href=\"http:\/\/dzamija.net\/wp-content\/uploads\/2024\/01\/Dozvola-za-slanje-e-maila-einverstandniserklarung-zum-E-Mail-Versand-der-Vereinspost.pdf\">Einverstandniserklarung zum E-Mail Versand der Vereinspost<\/a><\/li>\n<\/ol>\n\n\n\n<p>Ove dokumente morate isprinati ispuniti te poslati nazad na info@dzamija.net ili direktno u nase prostorije.<\/p>","protected":false},"excerpt":{"rendered":"<p>Postovane dzematlije, Islamska zajednica predstavljaju osnovu vjerske i dru\u0161tvene povezanosti, pru\u017eaju\u0107i \u010dlanovima priliku da zajedno rade na ostvarivanju ciljeva i unapre\u0111enju zajednice. Ako dijelite iste vrijednosti i \u017eelite aktivno doprinositi dru\u0161tvenim promjenama, postati \u010dlan na\u0161eg udru\u017eenja mo\u017ee biti korak ka ostvarenju va\u0161ih ciljeva. Koraci: Ove dokumente morate isprinati ispuniti te poslati nazad na info@dzamija.net ili [&hellip;]<\/p>\n","protected":false},"author":1,"featured_media":0,"parent":0,"menu_order":0,"comment_status":"closed","ping_status":"closed","template":"","meta":{"give_campaign_id":0,"site-sidebar-layout":"default","site-content-layout":"","ast-site-content-layout":"default","site-content-style":"default","site-sidebar-style":"default","ast-global-header-display":"","ast-banner-title-visibility":"","ast-main-header-display":"","ast-hfb-above-header-display":"","ast-hfb-below-header-display":"","ast-hfb-mobile-header-display":"","site-post-title":"","ast-breadcrumbs-content":"","ast-featured-img":"","footer-sml-layout":"","ast-disable-related-posts":"","theme-transparent-header-meta":"","adv-header-id-meta":"","stick-header-meta":"","header-above-stick-meta":"","header-main-stick-meta":"","header-below-stick-meta":"","astra-migrate-meta-layouts":"default","ast-page-background-enabled":"default","ast-page-background-meta":{"desktop":{"background-color":"","background-image":"","background-repeat":"repeat","background-position":"center center","background-size":"auto","background-attachment":"scroll","background-type":"","background-media":"","overlay-type":"","overlay-color":"","overlay-opacity":"","overlay-gradient":""},"tablet":{"background-color":"","background-image":"","background-repeat":"repeat","background-position":"center center","background-size":"auto","background-attachment":"scroll","background-type":"","background-media":"","overlay-type":"","overlay-color":"","overlay-opacity":"","overlay-gradient":""},"mobile":{"background-color":"","background-image":"","background-repeat":"repeat","background-position":"center center","background-size":"auto","background-attachment":"scroll","background-type":"","background-media":"","overlay-type":"","overlay-color":"","overlay-opacity":"","overlay-gradient":""}},"ast-content-background-meta":{"desktop":{"background-color":"var(--ast-global-color-5)","background-image":"","background-repeat":"repeat","background-position":"center center","background-size":"auto","background-attachment":"scroll","background-type":"","background-media":"","overlay-type":"","overlay-color":"","overlay-opacity":"","overlay-gradient":""},"tablet":{"background-color":"var(--ast-global-color-5)","background-image":"","background-repeat":"repeat","background-position":"center center","background-size":"auto","background-attachment":"scroll","background-type":"","background-media":"","overlay-type":"","overlay-color":"","overlay-opacity":"","overlay-gradient":""},"mobile":{"background-color":"var(--ast-global-color-5)","background-image":"","background-repeat":"repeat","background-position":"center center","background-size":"auto","background-attachment":"scroll","background-type":"","background-media":"","overlay-type":"","overlay-color":"","overlay-opacity":"","overlay-gradient":""}},"footnotes":""},"class_list":["post-3788","page","type-page","status-publish","hentry"],"campaignId":"","_links":{"self":[{"href":"https:\/\/igbd-nuernberg.de\/de\/wp-json\/wp\/v2\/pages\/3788","targetHints":{"allow":["GET"]}}],"collection":[{"href":"https:\/\/igbd-nuernberg.de\/de\/wp-json\/wp\/v2\/pages"}],"about":[{"href":"https:\/\/igbd-nuernberg.de\/de\/wp-json\/wp\/v2\/types\/page"}],"author":[{"embeddable":true,"href":"https:\/\/igbd-nuernberg.de\/de\/wp-json\/wp\/v2\/users\/1"}],"replies":[{"embeddable":true,"href":"https:\/\/igbd-nuernberg.de\/de\/wp-json\/wp\/v2\/comments?post=3788"}],"version-history":[{"count":2,"href":"https:\/\/igbd-nuernberg.de\/de\/wp-json\/wp\/v2\/pages\/3788\/revisions"}],"predecessor-version":[{"id":3793,"href":"https:\/\/igbd-nuernberg.de\/de\/wp-json\/wp\/v2\/pages\/3788\/revisions\/3793"}],"wp:attachment":[{"href":"https:\/\/igbd-nuernberg.de\/de\/wp-json\/wp\/v2\/media?parent=3788"}],"curies":[{"name":"wp","href":"https:\/\/api.w.org\/{rel}","templated":true}]}}