{"id":3671,"date":"2023-09-23T15:05:40","date_gmt":"2023-09-23T14:05:40","guid":{"rendered":"http:\/\/izbn.de\/?page_id=3671"},"modified":"2023-09-23T15:06:59","modified_gmt":"2023-09-23T14:06:59","slug":"spendenbescheinigung","status":"publish","type":"page","link":"https:\/\/igbd-nuernberg.de\/de\/spendenbescheinigung\/","title":{"rendered":"Spendenbescheinigung"},"content":{"rendered":"<div data-elementor-type=\"wp-page\" data-elementor-id=\"3671\" class=\"elementor elementor-3671\">\n\t\t\t\t\t\t<section class=\"elementor-section elementor-top-section elementor-element elementor-element-d8faa75 elementor-section-boxed elementor-section-height-default elementor-section-height-default\" data-id=\"d8faa75\" data-element_type=\"section\" data-e-type=\"section\">\n\t\t\t\t\t\t<div class=\"elementor-container elementor-column-gap-default\">\n\t\t\t\t\t<div class=\"elementor-column elementor-col-100 elementor-top-column elementor-element elementor-element-749318ff\" data-id=\"749318ff\" data-element_type=\"column\" data-e-type=\"column\">\n\t\t\t<div class=\"elementor-widget-wrap elementor-element-populated\">\n\t\t\t\t\t\t<div class=\"elementor-element elementor-element-16a33a06 elementor-widget elementor-widget-text-editor\" data-id=\"16a33a06\" data-element_type=\"widget\" data-e-type=\"widget\" data-widget_type=\"text-editor.default\">\n\t\t\t\t<div class=\"elementor-widget-container\">\n\t\t\t\t\t\t\t\t\t<p><\/p>\n<p>Potvrde o dobrovoljnim prilozima \u010dija visina\u00a0<strong>ne prelazi 200\u20ac<\/strong>\u00a0mogu se bez zvani\u010dnog obrasca prilo\u017eiti prilikom pokretanja procedure za povrat poreza. Obrazac za ovakvu potvrdu o dobrovoljnom prilogu mo\u017eete prona\u0107i\u00a0<a href=\"https:\/\/www.dzamija.net\/wp-content\/uploads\/2021\/11\/NEU_Vereinfachte-Zuwendungsbestaetigung-Stand-2.11.2021.pdf\" data-type=\"URL\" data-id=\"https:\/\/www.dzamija.net\/wp-content\/uploads\/2021\/11\/NEU_Vereinfachte-Zuwendungsbestaetigung-Stand-2.11.2021.pdf\">ovdje<\/a>.<\/p>\n<p>Za dobrovoljne priloge \u010diji iznos\u00a0<strong>prelazi<\/strong>\u00a0visinu od\u00a0<strong>200 \u20ac<\/strong>, potrebna vam je potvrda o visini upla\u0107enog iznosa, koju mo\u017eete dobiti od primaoca dobrovoljnog priloga IZBN. Potvrdu o dobrovoljnom prilogu mo\u017eete dobiti na upit preko kontakt forme.<\/p>\n<div class=\"shariff shariff-align-flex-start shariff-widget-align-flex-start shariff-buttonstretch\">\n<div class=\"ShariffHeadline\">Teile diesen Beitrag<\/div>\n<\/div>\n<p><\/p>\t\t\t\t\t\t\t\t<\/div>\n\t\t\t\t<\/div>\n\t\t\t\t\t<\/div>\n\t\t<\/div>\n\t\t\t\t\t<\/div>\n\t\t<\/section>\n\t\t\t\t<\/div>","protected":false},"excerpt":{"rendered":"<p>Potvrde o dobrovoljnim prilozima \u010dija visina\u00a0ne prelazi 200\u20ac\u00a0mogu se bez zvani\u010dnog obrasca prilo\u017eiti prilikom pokretanja procedure za povrat poreza. Obrazac za ovakvu potvrdu o dobrovoljnom prilogu mo\u017eete prona\u0107i\u00a0ovdje. Za dobrovoljne priloge \u010diji iznos\u00a0prelazi\u00a0visinu od\u00a0200 \u20ac, potrebna vam je potvrda o visini upla\u0107enog iznosa, koju mo\u017eete dobiti od primaoca dobrovoljnog priloga IZBN. Potvrdu o dobrovoljnom prilogu [&hellip;]<\/p>\n","protected":false},"author":1,"featured_media":0,"parent":0,"menu_order":0,"comment_status":"closed","ping_status":"closed","template":"","meta":{"give_campaign_id":0,"site-sidebar-layout":"default","site-content-layout":"","ast-site-content-layout":"default","site-content-style":"default","site-sidebar-style":"default","ast-global-header-display":"","ast-banner-title-visibility":"","ast-main-header-display":"","ast-hfb-above-header-display":"","ast-hfb-below-header-display":"","ast-hfb-mobile-header-display":"","site-post-title":"","ast-breadcrumbs-content":"","ast-featured-img":"","footer-sml-layout":"","ast-disable-related-posts":"","theme-transparent-header-meta":"","adv-header-id-meta":"","stick-header-meta":"","header-above-stick-meta":"","header-main-stick-meta":"","header-below-stick-meta":"","astra-migrate-meta-layouts":"default","ast-page-background-enabled":"default","ast-page-background-meta":{"desktop":{"background-color":"","background-image":"","background-repeat":"repeat","background-position":"center center","background-size":"auto","background-attachment":"scroll","background-type":"","background-media":"","overlay-type":"","overlay-color":"","overlay-opacity":"","overlay-gradient":""},"tablet":{"background-color":"","background-image":"","background-repeat":"repeat","background-position":"center center","background-size":"auto","background-attachment":"scroll","background-type":"","background-media":"","overlay-type":"","overlay-color":"","overlay-opacity":"","overlay-gradient":""},"mobile":{"background-color":"","background-image":"","background-repeat":"repeat","background-position":"center center","background-size":"auto","background-attachment":"scroll","background-type":"","background-media":"","overlay-type":"","overlay-color":"","overlay-opacity":"","overlay-gradient":""}},"ast-content-background-meta":{"desktop":{"background-color":"var(--ast-global-color-5)","background-image":"","background-repeat":"repeat","background-position":"center center","background-size":"auto","background-attachment":"scroll","background-type":"","background-media":"","overlay-type":"","overlay-color":"","overlay-opacity":"","overlay-gradient":""},"tablet":{"background-color":"var(--ast-global-color-5)","background-image":"","background-repeat":"repeat","background-position":"center center","background-size":"auto","background-attachment":"scroll","background-type":"","background-media":"","overlay-type":"","overlay-color":"","overlay-opacity":"","overlay-gradient":""},"mobile":{"background-color":"var(--ast-global-color-5)","background-image":"","background-repeat":"repeat","background-position":"center center","background-size":"auto","background-attachment":"scroll","background-type":"","background-media":"","overlay-type":"","overlay-color":"","overlay-opacity":"","overlay-gradient":""}},"footnotes":""},"class_list":["post-3671","page","type-page","status-publish","hentry"],"campaignId":"","_links":{"self":[{"href":"https:\/\/igbd-nuernberg.de\/de\/wp-json\/wp\/v2\/pages\/3671","targetHints":{"allow":["GET"]}}],"collection":[{"href":"https:\/\/igbd-nuernberg.de\/de\/wp-json\/wp\/v2\/pages"}],"about":[{"href":"https:\/\/igbd-nuernberg.de\/de\/wp-json\/wp\/v2\/types\/page"}],"author":[{"embeddable":true,"href":"https:\/\/igbd-nuernberg.de\/de\/wp-json\/wp\/v2\/users\/1"}],"replies":[{"embeddable":true,"href":"https:\/\/igbd-nuernberg.de\/de\/wp-json\/wp\/v2\/comments?post=3671"}],"version-history":[{"count":4,"href":"https:\/\/igbd-nuernberg.de\/de\/wp-json\/wp\/v2\/pages\/3671\/revisions"}],"predecessor-version":[{"id":3677,"href":"https:\/\/igbd-nuernberg.de\/de\/wp-json\/wp\/v2\/pages\/3671\/revisions\/3677"}],"wp:attachment":[{"href":"https:\/\/igbd-nuernberg.de\/de\/wp-json\/wp\/v2\/media?parent=3671"}],"curies":[{"name":"wp","href":"https:\/\/api.w.org\/{rel}","templated":true}]}}