{"id":3557,"date":"2023-07-04T13:35:31","date_gmt":"2023-07-04T12:35:31","guid":{"rendered":"http:\/\/izbn.de\/?page_id=3557"},"modified":"2023-07-04T13:35:47","modified_gmt":"2023-07-04T12:35:47","slug":"impressum","status":"publish","type":"page","link":"https:\/\/igbd-nuernberg.de\/de\/impressum\/","title":{"rendered":"Impressum"},"content":{"rendered":"\t\t<div data-elementor-type=\"wp-page\" data-elementor-id=\"3557\" class=\"elementor elementor-3557\">\n\t\t\t\t\t\t<section class=\"elementor-section elementor-top-section elementor-element elementor-element-d8faa75 elementor-section-boxed elementor-section-height-default elementor-section-height-default\" data-id=\"d8faa75\" data-element_type=\"section\" data-e-type=\"section\">\n\t\t\t\t\t\t<div class=\"elementor-container elementor-column-gap-default\">\n\t\t\t\t\t<div class=\"elementor-column elementor-col-100 elementor-top-column elementor-element elementor-element-749318ff\" data-id=\"749318ff\" data-element_type=\"column\" data-e-type=\"column\">\n\t\t\t<div class=\"elementor-widget-wrap elementor-element-populated\">\n\t\t\t\t\t\t<div class=\"elementor-element elementor-element-16a33a06 elementor-widget elementor-widget-text-editor\" data-id=\"16a33a06\" data-element_type=\"widget\" data-e-type=\"widget\" data-widget_type=\"text-editor.default\">\n\t\t\t\t<div class=\"elementor-widget-container\">\n\t\t\t\t\t\t\t\t\t\n<h1 class=\"wp-block-heading\">Impressum<\/h1>\n\n\n\n<p>\u201eIGBD \u2013 Gemeinde N\u00fcrnberg e.V.\u201c<\/p>\n\n\n\n<p>Islamische Gemeinschaft der Bosniaken in Deutschland \u2013 Gemeinde N\u00fcrnberg e.V.<\/p>\n\n\n\n<p>Turnerheimstra\u00dfe 48,<br>90441 N\u00fcrnberg<br>Telefon: +49 911 \/ 65 89 571<br>Telefax: +49 911 \/ 65 89 571<br>E-Mail: info[at]dzamija.net<br>Internet: www.dzamija.net<\/p>\n\n\n\n<p>Gesch\u00e4ftskonto: Sparkasse N\u00fcrnberg, IBAN: DE37 7605 0101 0001 4428 25<br>Spendenkonto: Sparkasse N\u00fcrnberg, IBAN: DE93 7605 0101 0002 5470 35<\/p>\n\n\n\n<p>Vertretungsberechtigt: Vorstand der Islamischen Gemeinschaft der Bosniaken N\u00fcrnberg e.V. (Anschrift wie oben)<br>Registergericht: Amtsgericht N\u00fcrnberg<br>Registernummer: VR2797<\/p>\n\n\n\n<p>Inhaltlich Verantwortlicher gem\u00e4\u00df \u00a7 55 Abs. 2 RStV: Islamische Gemeinschaft der Bosniaken N\u00fcrnberg e.V. (Anschrift wie oben) Haftungshinweis:<\/p>\n\n\n\n<p>Trotz sorgf\u00e4ltiger inhaltlicher Kontrolle \u00fcbernehmen wir keine Haftung f\u00fcr die Inhalte externer Links. F\u00fcr den Inhalt der verlinkten Seiten sind ausschlie\u00dflich deren Betreiber verantwortlich.<\/p>\n\n\n\n<p>Der Site-Betreiber ist bestrebt, in allen Publikationen die Urheberrechte der verwendeten Bilder, Grafiken, Tondokumente, Videosequenzen und Texte zu beachten, von ihm selbst erstellte Bilder, Grafiken, Tondokumente, Videosequenzen und Texte zu nutzen oder auf lizenzfreie Grafiken, Tondokumente, Videosequenzen und Texte zur\u00fcckzugreifen. Alle innerhalb des Internetangebotes genannten und ggf. durch Dritte gesch\u00fctzten Marken- und Warenzeichen unterliegen uneingeschr\u00e4nkt den Bestimmungen des jeweils g\u00fcltigen Kennzeichenrechts und den Besitzrechten der jeweiligen eingetragenen Eigent\u00fcmer.<\/p>\n\n\n\n<p>Allein aufgrund der blo\u00dfen Nennung ist nicht der Schluss zu ziehen, dass Markenzeichen nicht durch Rechte Dritter gesch\u00fctzt sind! Das Copyright f\u00fcr ver\u00f6ffentlichte, vom Site-Betreiber selbst erstellte Objekte bleibt allein beim Site-Betreiber der Seiten. Eine Vervielf\u00e4ltigung oder Verwendung solcher Grafiken, Tondokumente, Videosequenzen und Texte in anderen elektronischen oder gedruckten Publikationen ist ohne ausdr\u00fcckliche Zustimmung vom Site-Betreiber nicht gestattet.<\/p>\n\t\t\t\t\t\t\t\t<\/div>\n\t\t\t\t<\/div>\n\t\t\t\t\t<\/div>\n\t\t<\/div>\n\t\t\t\t\t<\/div>\n\t\t<\/section>\n\t\t\t\t<\/div>\n\t\t","protected":false},"excerpt":{"rendered":"<p>Impressum \u201eIGBD \u2013 Gemeinde N\u00fcrnberg e.V.\u201c Islamische Gemeinschaft der Bosniaken in Deutschland \u2013 Gemeinde N\u00fcrnberg e.V. Turnerheimstra\u00dfe 48,90441 N\u00fcrnbergTelefon: +49 911 \/ 65 89 571Telefax: +49 911 \/ 65 89 571E-Mail: info[at]dzamija.netInternet: www.dzamija.net Gesch\u00e4ftskonto: Sparkasse N\u00fcrnberg, IBAN: DE37 7605 0101 0001 4428 25Spendenkonto: Sparkasse N\u00fcrnberg, IBAN: DE93 7605 0101 0002 5470 35 Vertretungsberechtigt: Vorstand der [&hellip;]<\/p>\n","protected":false},"author":1,"featured_media":0,"parent":0,"menu_order":0,"comment_status":"closed","ping_status":"closed","template":"","meta":{"give_campaign_id":0,"site-sidebar-layout":"default","site-content-layout":"","ast-site-content-layout":"default","site-content-style":"default","site-sidebar-style":"default","ast-global-header-display":"","ast-banner-title-visibility":"","ast-main-header-display":"","ast-hfb-above-header-display":"","ast-hfb-below-header-display":"","ast-hfb-mobile-header-display":"","site-post-title":"","ast-breadcrumbs-content":"","ast-featured-img":"","footer-sml-layout":"","ast-disable-related-posts":"","theme-transparent-header-meta":"","adv-header-id-meta":"","stick-header-meta":"","header-above-stick-meta":"","header-main-stick-meta":"","header-below-stick-meta":"","astra-migrate-meta-layouts":"default","ast-page-background-enabled":"default","ast-page-background-meta":{"desktop":{"background-color":"","background-image":"","background-repeat":"repeat","background-position":"center center","background-size":"auto","background-attachment":"scroll","background-type":"","background-media":"","overlay-type":"","overlay-color":"","overlay-opacity":"","overlay-gradient":""},"tablet":{"background-color":"","background-image":"","background-repeat":"repeat","background-position":"center center","background-size":"auto","background-attachment":"scroll","background-type":"","background-media":"","overlay-type":"","overlay-color":"","overlay-opacity":"","overlay-gradient":""},"mobile":{"background-color":"","background-image":"","background-repeat":"repeat","background-position":"center center","background-size":"auto","background-attachment":"scroll","background-type":"","background-media":"","overlay-type":"","overlay-color":"","overlay-opacity":"","overlay-gradient":""}},"ast-content-background-meta":{"desktop":{"background-color":"var(--ast-global-color-5)","background-image":"","background-repeat":"repeat","background-position":"center center","background-size":"auto","background-attachment":"scroll","background-type":"","background-media":"","overlay-type":"","overlay-color":"","overlay-opacity":"","overlay-gradient":""},"tablet":{"background-color":"var(--ast-global-color-5)","background-image":"","background-repeat":"repeat","background-position":"center center","background-size":"auto","background-attachment":"scroll","background-type":"","background-media":"","overlay-type":"","overlay-color":"","overlay-opacity":"","overlay-gradient":""},"mobile":{"background-color":"var(--ast-global-color-5)","background-image":"","background-repeat":"repeat","background-position":"center center","background-size":"auto","background-attachment":"scroll","background-type":"","background-media":"","overlay-type":"","overlay-color":"","overlay-opacity":"","overlay-gradient":""}},"footnotes":""},"class_list":["post-3557","page","type-page","status-publish","hentry"],"campaignId":"","_links":{"self":[{"href":"https:\/\/igbd-nuernberg.de\/de\/wp-json\/wp\/v2\/pages\/3557","targetHints":{"allow":["GET"]}}],"collection":[{"href":"https:\/\/igbd-nuernberg.de\/de\/wp-json\/wp\/v2\/pages"}],"about":[{"href":"https:\/\/igbd-nuernberg.de\/de\/wp-json\/wp\/v2\/types\/page"}],"author":[{"embeddable":true,"href":"https:\/\/igbd-nuernberg.de\/de\/wp-json\/wp\/v2\/users\/1"}],"replies":[{"embeddable":true,"href":"https:\/\/igbd-nuernberg.de\/de\/wp-json\/wp\/v2\/comments?post=3557"}],"version-history":[{"count":4,"href":"https:\/\/igbd-nuernberg.de\/de\/wp-json\/wp\/v2\/pages\/3557\/revisions"}],"predecessor-version":[{"id":3561,"href":"https:\/\/igbd-nuernberg.de\/de\/wp-json\/wp\/v2\/pages\/3557\/revisions\/3561"}],"wp:attachment":[{"href":"https:\/\/igbd-nuernberg.de\/de\/wp-json\/wp\/v2\/media?parent=3557"}],"curies":[{"name":"wp","href":"https:\/\/api.w.org\/{rel}","templated":true}]}}